{"id":9095,"date":"2020-01-13T06:50:18","date_gmt":"2020-01-13T06:50:18","guid":{"rendered":"https:\/\/wpbingosite.com\/wordpress\/funio\/?page_id=9095"},"modified":"2024-05-15T22:04:39","modified_gmt":"2024-05-15T19:04:39","slug":"hakkimizda","status":"publish","type":"page","link":"https:\/\/salimoglu.magnet.web.tr\/en\/hakkimizda\/","title":{"rendered":"ABOUT"},"content":{"rendered":"<div data-elementor-type=\"wp-page\" data-elementor-id=\"9095\" class=\"elementor elementor-9095\">\r\n\t\t\t\t\t\t<section class=\"elementor-section elementor-top-section elementor-element elementor-element-ab86e00 elementor-section-boxed elementor-section-height-default elementor-section-height-default\" data-id=\"ab86e00\" data-element_type=\"section\">\r\n\t\t\t\t\t\t<div class=\"elementor-container elementor-column-gap-default\">\r\n\t\t\t\t\t<div class=\"elementor-column elementor-col-100 elementor-top-column elementor-element elementor-element-f7c91a5\" data-id=\"f7c91a5\" data-element_type=\"column\">\r\n\t\t\t<div class=\"elementor-widget-wrap elementor-element-populated\">\r\n\t\t\t\t\t\t<div class=\"elementor-element elementor-element-b173ebd elementor-widget elementor-widget-heading\" data-id=\"b173ebd\" data-element_type=\"widget\" data-widget_type=\"heading.default\">\r\n\t\t\t\t<div class=\"elementor-widget-container\">\r\n\t\t\t<style>\/*! elementor - v3.22.0 - 26-06-2024 *\/\r\n.elementor-heading-title{padding:0;margin:0;line-height:1}.elementor-widget-heading .elementor-heading-title[class*=elementor-size-]>a{color:inherit;font-size:inherit;line-height:inherit}.elementor-widget-heading .elementor-heading-title.elementor-size-small{font-size:15px}.elementor-widget-heading .elementor-heading-title.elementor-size-medium{font-size:19px}.elementor-widget-heading .elementor-heading-title.elementor-size-large{font-size:29px}.elementor-widget-heading .elementor-heading-title.elementor-size-xl{font-size:39px}.elementor-widget-heading .elementor-heading-title.elementor-size-xxl{font-size:59px}<\/style><h2 class=\"elementor-heading-title elementor-size-default\">SMCHAIRS<\/h2>\t\t<\/div>\r\n\t\t\t\t<\/div>\r\n\t\t\t\t<div class=\"elementor-element elementor-element-4aadb41 elementor-widget elementor-widget-text-editor\" data-id=\"4aadb41\" data-element_type=\"widget\" data-widget_type=\"text-editor.default\">\r\n\t\t\t\t<div class=\"elementor-widget-container\">\r\n\t\t\t<style>\/*! elementor - v3.22.0 - 26-06-2024 *\/\r\n.elementor-widget-text-editor.elementor-drop-cap-view-stacked .elementor-drop-cap{background-color:#69727d;color:#fff}.elementor-widget-text-editor.elementor-drop-cap-view-framed .elementor-drop-cap{color:#69727d;border:3px solid;background-color:transparent}.elementor-widget-text-editor:not(.elementor-drop-cap-view-default) .elementor-drop-cap{margin-top:8px}.elementor-widget-text-editor:not(.elementor-drop-cap-view-default) .elementor-drop-cap-letter{width:1em;height:1em}.elementor-widget-text-editor .elementor-drop-cap{float:left;text-align:center;line-height:1;font-size:50px}.elementor-widget-text-editor .elementor-drop-cap-letter{display:inline-block}<\/style>\t\t\t\t<p>We approach the projects of chain and boutique brands with creative, modern and technological designs, and offer mobile products suitable for special concepts to our customers without compromising furniture quality. By combining passionate designs that appeal to different tastes with a wide variety of fabric and leather options, we aim to bring even the most demanding customers together with spaces beyond their expectations. We always aim for universal standards in design and production, transforming unique, timeless and elegant designs into high quality durable products and exporting them all over the world.<\/p>\t\t\t\t\t\t<\/div>\r\n\t\t\t\t<\/div>\r\n\t\t\t\t<div class=\"elementor-element elementor-element-375387e elementor-widget elementor-widget-text-editor\" data-id=\"375387e\" data-element_type=\"widget\" data-widget_type=\"text-editor.default\">\r\n\t\t\t\t<div class=\"elementor-widget-container\">\r\n\t\t\t\t\t\t\t<p>Salimo\u011fullar\u0131, which specialises in special products for cafes, restaurants and industry, produces indoor and outdoor products in line with the wishes of its customers.<\/p><p>In close co-operation with distinguished designers, architects and artists, the company develops unique products that reflect the philosophy of the brand as well as the artistic approaches reflected in different cultures and disciplines.<\/p><p>Salimo\u011fullar\u0131 also offers the opportunity to develop furniture in specially coordinated co-operation in line with the customer's aesthetic preferences and architects' designs. Naturally, all customised designs are produced in accordance with the company's quality and sustainability standards. Production capacity and fast delivery times suitable for every project are among Salimo\u011fullar\u0131's greatest strengths. Salimo\u011fullar\u0131 continues to grow and make a name for itself in the world with its innovative and open to change vision.<\/p>\t\t\t\t\t\t<\/div>\r\n\t\t\t\t<\/div>\r\n\t\t\t\t\t<\/div>\r\n\t\t<\/div>\r\n\t\t\t\t\t<\/div>\r\n\t\t<\/section>\r\n\t\t\t\t<section class=\"elementor-section elementor-top-section elementor-element elementor-element-417ada3 elementor-section-content-middle elementor-section-boxed elementor-section-height-default elementor-section-height-default\" data-id=\"417ada3\" data-element_type=\"section\">\r\n\t\t\t\t\t\t<div class=\"elementor-container elementor-column-gap-default\">\r\n\t\t\t\t\t<div class=\"elementor-column elementor-col-50 elementor-top-column elementor-element elementor-element-0e6d77e\" data-id=\"0e6d77e\" data-element_type=\"column\">\r\n\t\t\t<div class=\"elementor-widget-wrap elementor-element-populated\">\r\n\t\t\t\t\t\t<div class=\"elementor-element elementor-element-3f65d81 elementor-widget elementor-widget-image\" data-id=\"3f65d81\" data-element_type=\"widget\" data-widget_type=\"image.default\">\r\n\t\t\t\t<div class=\"elementor-widget-container\">\r\n\t\t\t<style>\/*! elementor - v3.22.0 - 26-06-2024 *\/\r\n.elementor-widget-image{text-align:center}.elementor-widget-image a{display:inline-block}.elementor-widget-image a img[src$=\".svg\"]{width:48px}.elementor-widget-image img{vertical-align:middle;display:inline-block}<\/style>\t\t\t\t\t\t\t\t\t\t<img decoding=\"async\" src=\"https:\/\/wpbingosite.com\/wordpress\/funio\/wp-content\/uploads\/2020\/12\/about-2-1.jpg\" title=\"\" alt=\"\" loading=\"lazy\" \/>\t\t\t\t\t\t\t\t\t\t\t\t\t<\/div>\r\n\t\t\t\t<\/div>\r\n\t\t\t\t\t<\/div>\r\n\t\t<\/div>\r\n\t\t\t\t<div class=\"elementor-column elementor-col-50 elementor-top-column elementor-element elementor-element-247a54d\" data-id=\"247a54d\" data-element_type=\"column\" data-settings=\"{&quot;background_background&quot;:&quot;classic&quot;}\">\r\n\t\t\t<div class=\"elementor-widget-wrap elementor-element-populated\">\r\n\t\t\t\t\t\t<div class=\"elementor-element elementor-element-c82450e elementor-widget elementor-widget-heading\" data-id=\"c82450e\" data-element_type=\"widget\" data-widget_type=\"heading.default\">\r\n\t\t\t\t<div class=\"elementor-widget-container\">\r\n\t\t\t<h2 class=\"elementor-heading-title elementor-size-default\">Our Vision<\/h2>\t\t<\/div>\r\n\t\t\t\t<\/div>\r\n\t\t\t\t<div class=\"elementor-element elementor-element-58ac36d elementor-widget elementor-widget-text-editor\" data-id=\"58ac36d\" data-element_type=\"widget\" data-widget_type=\"text-editor.default\">\r\n\t\t\t\t<div class=\"elementor-widget-container\">\r\n\t\t\t\t\t\t\t<p>We adopt innovative solutions in line with the needs of the sector without compromising the customer-oriented working principle, and we adopt the vision of bringing our customers together with eye-catching spaces all over the world by transforming unique designs into high quality furniture.<\/p>\t\t\t\t\t\t<\/div>\r\n\t\t\t\t<\/div>\r\n\t\t\t\t<div class=\"elementor-element elementor-element-8f93013 elementor-widget elementor-widget-heading\" data-id=\"8f93013\" data-element_type=\"widget\" data-widget_type=\"heading.default\">\r\n\t\t\t\t<div class=\"elementor-widget-container\">\r\n\t\t\t<h2 class=\"elementor-heading-title elementor-size-default\">Our Mission<\/h2>\t\t<\/div>\r\n\t\t\t\t<\/div>\r\n\t\t\t\t<div class=\"elementor-element elementor-element-cce2962 elementor-widget elementor-widget-text-editor\" data-id=\"cce2962\" data-element_type=\"widget\" data-widget_type=\"text-editor.default\">\r\n\t\t\t\t<div class=\"elementor-widget-container\">\r\n\t\t\t\t\t\t\t<p>As a world brand, we aim to strengthen our place in the sector day by day and we adopt the mission of producing durable furniture considering the daily intensive use of our products. In this optics, we always put customer satisfaction in the first place in the production process blended with meticulousness, craftsmanship and experience, without compromising the use of first class materials, quality workmanship and careful working principle. With this mission, we always stand by our customers with support services that are always interested, attentive and careful after sales.<\/p>\t\t\t\t\t\t<\/div>\r\n\t\t\t\t<\/div>\r\n\t\t\t\t\t<\/div>\r\n\t\t<\/div>\r\n\t\t\t\t\t<\/div>\r\n\t\t<\/section>\r\n\t\t<div class=\"elementor-element elementor-element-46daa13 e-flex e-con-boxed e-con e-parent\" data-id=\"46daa13\" data-element_type=\"container\">\r\n\t\t\t\t\t<div class=\"e-con-inner\">\r\n\t\t<div class=\"elementor-element elementor-element-66f88bd e-con-full e-flex e-con e-child\" data-id=\"66f88bd\" data-element_type=\"container\">\r\n\t\t\t\t<div class=\"elementor-element elementor-element-ee414b3 elementor-widget elementor-widget-image\" data-id=\"ee414b3\" data-element_type=\"widget\" data-widget_type=\"image.default\">\r\n\t\t\t\t<div class=\"elementor-widget-container\">\r\n\t\t\t\t\t\t\t\t\t\t\t\t\t<img fetchpriority=\"high\" decoding=\"async\" width=\"1024\" height=\"683\" src=\"https:\/\/salimoglu.magnet.web.tr\/wp-content\/uploads\/2024\/01\/adhesivos-gimpex-04.jpg-1024x683.webp\" class=\"attachment-large size-large wp-image-17963\" alt=\"\" \/>\t\t\t\t\t\t\t\t\t\t\t\t\t<\/div>\r\n\t\t\t\t<\/div>\r\n\t\t\t\t<\/div>\r\n\t\t<div class=\"elementor-element elementor-element-64ee3a8 e-con-full e-flex e-con e-child\" data-id=\"64ee3a8\" data-element_type=\"container\" data-settings=\"{&quot;background_background&quot;:&quot;classic&quot;}\">\r\n\t\t\t\t<div class=\"elementor-element elementor-element-9f90026 elementor-widget elementor-widget-heading\" data-id=\"9f90026\" data-element_type=\"widget\" data-widget_type=\"heading.default\">\r\n\t\t\t\t<div class=\"elementor-widget-container\">\r\n\t\t\t<h2 class=\"elementor-heading-title elementor-size-default\">Our Values<\/h2>\t\t<\/div>\r\n\t\t\t\t<\/div>\r\n\t\t\t\t<div class=\"elementor-element elementor-element-44e2920 elementor-widget elementor-widget-text-editor\" data-id=\"44e2920\" data-element_type=\"widget\" data-widget_type=\"text-editor.default\">\r\n\t\t\t\t<div class=\"elementor-widget-container\">\r\n\t\t\t\t\t\t\t<p>In our company, which values respect and understanding infinitely, we aim to keep the value of human relations alive by adopting a mutual communication and solution-oriented approach in customer relations and we always take care to protect this approach.<\/p><p>We are very pleased to be always with you and to work to make your dreams come true with our staff who always work devotedly and do their job passionately by adopting respect and loyalty as a principle in our internal relations.<\/p><p>We would be happy for you to contact us to change the atmosphere of your living spaces in a short time, to make room for the privilege of fascinating experiences in your life by transforming modern, striking and stylish designs into impressive spaces.<\/p>\t\t\t\t\t\t<\/div>\r\n\t\t\t\t<\/div>\r\n\t\t\t\t<\/div>\r\n\t\t\t\t\t<\/div>\r\n\t\t\t\t<\/div>\r\n\t\t\t\t<\/div>","protected":false},"excerpt":{"rendered":"<p>SMCHAIRS Zincir ve butik markalar\u0131n projelerine yarat\u0131c\u0131, modern ve teknolojik tasar\u0131mlarla yakla\u015f\u0131yor, \u00f6zel konseptlere uygun hareketli \u00fcr\u00fcnlerini mobilya kalitesinden asla taviz vermeden m\u00fc\u015fterilerimizin be\u011fenisine sunuyoruz. Farkl\u0131 zevklere hitap eden tutkulu tasar\u0131mlar\u0131n\u0131 \u00e7ok \u00e7e\u015fitli kuma\u015f ve deri se\u00e7enekleriyle bulu\u015fturarak en talepk\u00e2r m\u00fc\u015fterilerimizi dahi beklentilerinin \u00f6tesinde mek\u00e2nlarla bulu\u015fturmay\u0131 hedefleriyoruz. Tasar\u0131m ve \u00fcretimde her zaman evrensel standartlar\u0131 hedef [&hellip;]<\/p>","protected":false},"author":1,"featured_media":0,"parent":0,"menu_order":0,"comment_status":"closed","ping_status":"closed","template":"page-templates\/default-page.php","meta":{"footnotes":""},"_links":{"self":[{"href":"https:\/\/salimoglu.magnet.web.tr\/en\/wp-json\/wp\/v2\/pages\/9095"}],"collection":[{"href":"https:\/\/salimoglu.magnet.web.tr\/en\/wp-json\/wp\/v2\/pages"}],"about":[{"href":"https:\/\/salimoglu.magnet.web.tr\/en\/wp-json\/wp\/v2\/types\/page"}],"author":[{"embeddable":true,"href":"https:\/\/salimoglu.magnet.web.tr\/en\/wp-json\/wp\/v2\/users\/1"}],"replies":[{"embeddable":true,"href":"https:\/\/salimoglu.magnet.web.tr\/en\/wp-json\/wp\/v2\/comments?post=9095"}],"version-history":[{"count":11,"href":"https:\/\/salimoglu.magnet.web.tr\/en\/wp-json\/wp\/v2\/pages\/9095\/revisions"}],"predecessor-version":[{"id":18027,"href":"https:\/\/salimoglu.magnet.web.tr\/en\/wp-json\/wp\/v2\/pages\/9095\/revisions\/18027"}],"wp:attachment":[{"href":"https:\/\/salimoglu.magnet.web.tr\/en\/wp-json\/wp\/v2\/media?parent=9095"}],"curies":[{"name":"wp","href":"https:\/\/api.w.org\/{rel}","templated":true}]}}