{"id":17978,"date":"2024-01-04T01:03:42","date_gmt":"2024-01-03T22:03:42","guid":{"rendered":"https:\/\/smchairs.com\/?page_id=17978"},"modified":"2024-02-01T16:34:02","modified_gmt":"2024-02-01T13:34:02","slug":"urunler","status":"publish","type":"page","link":"https:\/\/salimoglu.magnet.web.tr\/en\/urunler\/","title":{"rendered":"PRODUCTS"},"content":{"rendered":"<div data-elementor-type=\"wp-page\" data-elementor-id=\"17978\" class=\"elementor elementor-17978\">\r\n\t\t\t\t\t\t<section class=\"elementor-section elementor-top-section elementor-element elementor-element-23584dbc elementor-section-boxed elementor-section-height-default elementor-section-height-default\" data-id=\"23584dbc\" data-element_type=\"section\">\r\n\t\t\t\t\t\t<div class=\"elementor-container elementor-column-gap-default\">\r\n\t\t\t\t\t<div class=\"elementor-column elementor-col-33 elementor-top-column elementor-element elementor-element-1ae9e629\" data-id=\"1ae9e629\" data-element_type=\"column\">\r\n\t\t\t<div class=\"elementor-widget-wrap elementor-element-populated\">\r\n\t\t\t\t<div class=\"elementor-element elementor-element-4c9c0975 e-flex e-con-boxed e-con e-parent\" data-id=\"4c9c0975\" data-element_type=\"container\" data-settings=\"{&quot;background_background&quot;:&quot;gradient&quot;}\">\r\n\t\t\t\t\t<div class=\"e-con-inner\">\r\n\t\t\t\t<div class=\"elementor-element elementor-element-3d4f98e0 elementor-widget elementor-widget-image\" data-id=\"3d4f98e0\" data-element_type=\"widget\" data-widget_type=\"image.default\">\r\n\t\t\t\t<div class=\"elementor-widget-container\">\r\n\t\t\t<style>\/*! elementor - v3.22.0 - 26-06-2024 *\/\r\n.elementor-widget-image{text-align:center}.elementor-widget-image a{display:inline-block}.elementor-widget-image a img[src$=\".svg\"]{width:48px}.elementor-widget-image img{vertical-align:middle;display:inline-block}<\/style>\t\t\t\t\t\t\t\t\t\t\t<a href=\"https:\/\/smchairs.com\/sandalyeler\">\r\n\t\t\t\t\t\t\t<img fetchpriority=\"high\" decoding=\"async\" width=\"1024\" height=\"1024\" src=\"https:\/\/salimoglu.magnet.web.tr\/wp-content\/uploads\/2024\/01\/chair.webp\" class=\"attachment-large size-large wp-image-17840\" alt=\"\" \/>\t\t\t\t\t\t\t\t<\/a>\r\n\t\t\t\t\t\t\t\t\t\t\t\t\t<\/div>\r\n\t\t\t\t<\/div>\r\n\t\t\t\t<div class=\"elementor-element elementor-element-2f3a1f7b elementor-widget elementor-widget-heading\" data-id=\"2f3a1f7b\" data-element_type=\"widget\" data-widget_type=\"heading.default\">\r\n\t\t\t\t<div class=\"elementor-widget-container\">\r\n\t\t\t<style>\/*! elementor - v3.22.0 - 26-06-2024 *\/\r\n.elementor-heading-title{padding:0;margin:0;line-height:1}.elementor-widget-heading .elementor-heading-title[class*=elementor-size-]>a{color:inherit;font-size:inherit;line-height:inherit}.elementor-widget-heading .elementor-heading-title.elementor-size-small{font-size:15px}.elementor-widget-heading .elementor-heading-title.elementor-size-medium{font-size:19px}.elementor-widget-heading .elementor-heading-title.elementor-size-large{font-size:29px}.elementor-widget-heading .elementor-heading-title.elementor-size-xl{font-size:39px}.elementor-widget-heading .elementor-heading-title.elementor-size-xxl{font-size:59px}<\/style><h2 class=\"elementor-heading-title elementor-size-default\">Chairs<\/h2>\t\t<\/div>\r\n\t\t\t\t<\/div>\r\n\t\t\t\t\t<\/div>\r\n\t\t\t\t<\/div>\r\n\t\t<div class=\"elementor-element elementor-element-239b7dbb e-flex e-con-boxed e-con e-parent\" data-id=\"239b7dbb\" data-element_type=\"container\" data-settings=\"{&quot;background_background&quot;:&quot;gradient&quot;}\">\r\n\t\t\t\t\t<div class=\"e-con-inner\">\r\n\t\t\t\t<div class=\"elementor-element elementor-element-288d09e2 elementor-widget elementor-widget-image\" data-id=\"288d09e2\" data-element_type=\"widget\" data-widget_type=\"image.default\">\r\n\t\t\t\t<div class=\"elementor-widget-container\">\r\n\t\t\t\t\t\t\t\t\t\t\t\t\t\t<a href=\"https:\/\/smchairs.com\/bar-sandalyeler\">\r\n\t\t\t\t\t\t\t<img decoding=\"async\" width=\"1024\" height=\"1024\" src=\"https:\/\/salimoglu.magnet.web.tr\/wp-content\/uploads\/2024\/01\/bar.webp\" class=\"attachment-large size-large wp-image-17858\" alt=\"\" \/>\t\t\t\t\t\t\t\t<\/a>\r\n\t\t\t\t\t\t\t\t\t\t\t\t\t<\/div>\r\n\t\t\t\t<\/div>\r\n\t\t\t\t<div class=\"elementor-element elementor-element-5d99cd06 elementor-widget elementor-widget-heading\" data-id=\"5d99cd06\" data-element_type=\"widget\" data-widget_type=\"heading.default\">\r\n\t\t\t\t<div class=\"elementor-widget-container\">\r\n\t\t\t<h2 class=\"elementor-heading-title elementor-size-default\">Bar Chairs<\/h2>\t\t<\/div>\r\n\t\t\t\t<\/div>\r\n\t\t\t\t\t<\/div>\r\n\t\t\t\t<\/div>\r\n\t\t<div class=\"elementor-element elementor-element-f103e58 e-flex e-con-boxed e-con e-parent\" data-id=\"f103e58\" data-element_type=\"container\" data-settings=\"{&quot;background_background&quot;:&quot;gradient&quot;}\">\r\n\t\t\t\t\t<div class=\"e-con-inner\">\r\n\t\t\t\t<div class=\"elementor-element elementor-element-2b003b59 elementor-widget elementor-widget-image\" data-id=\"2b003b59\" data-element_type=\"widget\" data-widget_type=\"image.default\">\r\n\t\t\t\t<div class=\"elementor-widget-container\">\r\n\t\t\t\t\t\t\t\t\t\t\t\t\t<img decoding=\"async\" width=\"1024\" height=\"1024\" src=\"https:\/\/salimoglu.magnet.web.tr\/wp-content\/uploads\/2024\/01\/set.webp\" class=\"attachment-large size-large wp-image-17864\" alt=\"\" \/>\t\t\t\t\t\t\t\t\t\t\t\t\t<\/div>\r\n\t\t\t\t<\/div>\r\n\t\t\t\t<div class=\"elementor-element elementor-element-2bccd161 elementor-widget elementor-widget-heading\" data-id=\"2bccd161\" data-element_type=\"widget\" data-widget_type=\"heading.default\">\r\n\t\t\t\t<div class=\"elementor-widget-container\">\r\n\t\t\t<h2 class=\"elementor-heading-title elementor-size-default\">Seating Groups<\/h2>\t\t<\/div>\r\n\t\t\t\t<\/div>\r\n\t\t\t\t\t<\/div>\r\n\t\t\t\t<\/div>\r\n\t\t\t\t\t<\/div>\r\n\t\t<\/div>\r\n\t\t\t\t<div class=\"elementor-column elementor-col-33 elementor-top-column elementor-element elementor-element-639a0d12\" data-id=\"639a0d12\" data-element_type=\"column\">\r\n\t\t\t<div class=\"elementor-widget-wrap elementor-element-populated\">\r\n\t\t\t\t<div class=\"elementor-element elementor-element-125a5ff4 e-flex e-con-boxed e-con e-parent\" data-id=\"125a5ff4\" data-element_type=\"container\" data-settings=\"{&quot;background_background&quot;:&quot;gradient&quot;}\">\r\n\t\t\t\t\t<div class=\"e-con-inner\">\r\n\t\t\t\t<div class=\"elementor-element elementor-element-309df990 elementor-widget elementor-widget-image\" data-id=\"309df990\" data-element_type=\"widget\" data-widget_type=\"image.default\">\r\n\t\t\t\t<div class=\"elementor-widget-container\">\r\n\t\t\t\t\t\t\t\t\t\t\t\t\t\t<a href=\"https:\/\/smchairs.com\/kanepeler\">\r\n\t\t\t\t\t\t\t<img loading=\"lazy\" decoding=\"async\" width=\"1024\" height=\"1024\" src=\"https:\/\/salimoglu.magnet.web.tr\/wp-content\/uploads\/2024\/01\/sofas.webp\" class=\"attachment-large size-large wp-image-17865\" alt=\"\" \/>\t\t\t\t\t\t\t\t<\/a>\r\n\t\t\t\t\t\t\t\t\t\t\t\t\t<\/div>\r\n\t\t\t\t<\/div>\r\n\t\t\t\t<div class=\"elementor-element elementor-element-7a1664e1 elementor-widget elementor-widget-heading\" data-id=\"7a1664e1\" data-element_type=\"widget\" data-widget_type=\"heading.default\">\r\n\t\t\t\t<div class=\"elementor-widget-container\">\r\n\t\t\t<h2 class=\"elementor-heading-title elementor-size-default\">Sofas<\/h2>\t\t<\/div>\r\n\t\t\t\t<\/div>\r\n\t\t\t\t\t<\/div>\r\n\t\t\t\t<\/div>\r\n\t\t<div class=\"elementor-element elementor-element-2b5cdb02 e-flex e-con-boxed e-con e-parent\" data-id=\"2b5cdb02\" data-element_type=\"container\" data-settings=\"{&quot;background_background&quot;:&quot;gradient&quot;}\">\r\n\t\t\t\t\t<div class=\"e-con-inner\">\r\n\t\t\t\t<div class=\"elementor-element elementor-element-44507e59 elementor-widget elementor-widget-image\" data-id=\"44507e59\" data-element_type=\"widget\" data-widget_type=\"image.default\">\r\n\t\t\t\t<div class=\"elementor-widget-container\">\r\n\t\t\t\t\t\t\t\t\t\t\t\t\t<img loading=\"lazy\" decoding=\"async\" width=\"1024\" height=\"1024\" src=\"https:\/\/salimoglu.magnet.web.tr\/wp-content\/uploads\/2024\/01\/salto.webp\" class=\"attachment-large size-large wp-image-17863\" alt=\"\" \/>\t\t\t\t\t\t\t\t\t\t\t\t\t<\/div>\r\n\t\t\t\t<\/div>\r\n\t\t\t\t<div class=\"elementor-element elementor-element-28593d9f elementor-widget elementor-widget-heading\" data-id=\"28593d9f\" data-element_type=\"widget\" data-widget_type=\"heading.default\">\r\n\t\t\t\t<div class=\"elementor-widget-container\">\r\n\t\t\t<h2 class=\"elementor-heading-title elementor-size-default\">Office Chairs<\/h2>\t\t<\/div>\r\n\t\t\t\t<\/div>\r\n\t\t\t\t\t<\/div>\r\n\t\t\t\t<\/div>\r\n\t\t<div class=\"elementor-element elementor-element-3f908f32 e-flex e-con-boxed e-con e-parent\" data-id=\"3f908f32\" data-element_type=\"container\" data-settings=\"{&quot;background_background&quot;:&quot;gradient&quot;}\">\r\n\t\t\t\t\t<div class=\"e-con-inner\">\r\n\t\t\t\t<div class=\"elementor-element elementor-element-91970f4 elementor-widget elementor-widget-image\" data-id=\"91970f4\" data-element_type=\"widget\" data-widget_type=\"image.default\">\r\n\t\t\t\t<div class=\"elementor-widget-container\">\r\n\t\t\t\t\t\t\t\t\t\t\t\t\t\t<a href=\"https:\/\/smchairs.com\/bank-sedirler\">\r\n\t\t\t\t\t\t\t<img loading=\"lazy\" decoding=\"async\" width=\"1024\" height=\"1024\" src=\"https:\/\/salimoglu.magnet.web.tr\/wp-content\/uploads\/2024\/01\/bench.webp\" class=\"attachment-large size-large wp-image-17859\" alt=\"\" \/>\t\t\t\t\t\t\t\t<\/a>\r\n\t\t\t\t\t\t\t\t\t\t\t\t\t<\/div>\r\n\t\t\t\t<\/div>\r\n\t\t\t\t<div class=\"elementor-element elementor-element-28e4251f elementor-widget elementor-widget-heading\" data-id=\"28e4251f\" data-element_type=\"widget\" data-widget_type=\"heading.default\">\r\n\t\t\t\t<div class=\"elementor-widget-container\">\r\n\t\t\t<h2 class=\"elementor-heading-title elementor-size-default\">Bank ve Sedirler<\/h2>\t\t<\/div>\r\n\t\t\t\t<\/div>\r\n\t\t\t\t\t<\/div>\r\n\t\t\t\t<\/div>\r\n\t\t\t\t\t<\/div>\r\n\t\t<\/div>\r\n\t\t\t\t<div class=\"elementor-column elementor-col-33 elementor-top-column elementor-element elementor-element-7feb0a53\" data-id=\"7feb0a53\" data-element_type=\"column\">\r\n\t\t\t<div class=\"elementor-widget-wrap elementor-element-populated\">\r\n\t\t\t\t<div class=\"elementor-element elementor-element-ae922f5 e-flex e-con-boxed e-con e-parent\" data-id=\"ae922f5\" data-element_type=\"container\" data-settings=\"{&quot;background_background&quot;:&quot;gradient&quot;}\">\r\n\t\t\t\t\t<div class=\"e-con-inner\">\r\n\t\t\t\t<div class=\"elementor-element elementor-element-5c3444ea elementor-widget elementor-widget-image\" data-id=\"5c3444ea\" data-element_type=\"widget\" data-widget_type=\"image.default\">\r\n\t\t\t\t<div class=\"elementor-widget-container\">\r\n\t\t\t\t\t\t\t\t\t\t\t\t\t\t<a href=\"https:\/\/smchairs.com\/berjerler\">\r\n\t\t\t\t\t\t\t<img loading=\"lazy\" decoding=\"async\" width=\"1024\" height=\"1024\" src=\"https:\/\/salimoglu.magnet.web.tr\/wp-content\/uploads\/2024\/01\/berger.webp\" class=\"attachment-large size-large wp-image-17860\" alt=\"\" \/>\t\t\t\t\t\t\t\t<\/a>\r\n\t\t\t\t\t\t\t\t\t\t\t\t\t<\/div>\r\n\t\t\t\t<\/div>\r\n\t\t\t\t<div class=\"elementor-element elementor-element-17939564 elementor-widget elementor-widget-heading\" data-id=\"17939564\" data-element_type=\"widget\" data-widget_type=\"heading.default\">\r\n\t\t\t\t<div class=\"elementor-widget-container\">\r\n\t\t\t<h2 class=\"elementor-heading-title elementor-size-default\">Armchairs<\/h2>\t\t<\/div>\r\n\t\t\t\t<\/div>\r\n\t\t\t\t\t<\/div>\r\n\t\t\t\t<\/div>\r\n\t\t<div class=\"elementor-element elementor-element-1c97822d e-flex e-con-boxed e-con e-parent\" data-id=\"1c97822d\" data-element_type=\"container\" data-settings=\"{&quot;background_background&quot;:&quot;gradient&quot;}\">\r\n\t\t\t\t\t<div class=\"e-con-inner\">\r\n\t\t\t\t<div class=\"elementor-element elementor-element-4c74dff5 elementor-widget elementor-widget-image\" data-id=\"4c74dff5\" data-element_type=\"widget\" data-widget_type=\"image.default\">\r\n\t\t\t\t<div class=\"elementor-widget-container\">\r\n\t\t\t\t\t\t\t\t\t\t\t\t\t\t<a href=\"https:\/\/smchairs.com\/masalar\">\r\n\t\t\t\t\t\t\t<img loading=\"lazy\" decoding=\"async\" width=\"800\" height=\"800\" src=\"https:\/\/salimoglu.magnet.web.tr\/wp-content\/uploads\/2024\/01\/icmekan-masa.webp\" class=\"attachment-large size-large wp-image-17861\" alt=\"\" \/>\t\t\t\t\t\t\t\t<\/a>\r\n\t\t\t\t\t\t\t\t\t\t\t\t\t<\/div>\r\n\t\t\t\t<\/div>\r\n\t\t\t\t<div class=\"elementor-element elementor-element-75c8ed19 elementor-widget elementor-widget-heading\" data-id=\"75c8ed19\" data-element_type=\"widget\" data-widget_type=\"heading.default\">\r\n\t\t\t\t<div class=\"elementor-widget-container\">\r\n\t\t\t<h2 class=\"elementor-heading-title elementor-size-default\">Tables<\/h2>\t\t<\/div>\r\n\t\t\t\t<\/div>\r\n\t\t\t\t\t<\/div>\r\n\t\t\t\t<\/div>\r\n\t\t<div class=\"elementor-element elementor-element-4634905e e-flex e-con-boxed e-con e-parent\" data-id=\"4634905e\" data-element_type=\"container\" data-settings=\"{&quot;background_background&quot;:&quot;gradient&quot;}\">\r\n\t\t\t\t\t<div class=\"e-con-inner\">\r\n\t\t\t\t<div class=\"elementor-element elementor-element-68b2e01d elementor-widget elementor-widget-image\" data-id=\"68b2e01d\" data-element_type=\"widget\" data-widget_type=\"image.default\">\r\n\t\t\t\t<div class=\"elementor-widget-container\">\r\n\t\t\t\t\t\t\t\t\t\t\t\t\t<img loading=\"lazy\" decoding=\"async\" width=\"1024\" height=\"1024\" src=\"https:\/\/salimoglu.magnet.web.tr\/wp-content\/uploads\/2024\/01\/odessa-sezlong.webp\" class=\"attachment-large size-large wp-image-17862\" alt=\"\" \/>\t\t\t\t\t\t\t\t\t\t\t\t\t<\/div>\r\n\t\t\t\t<\/div>\r\n\t\t\t\t<div class=\"elementor-element elementor-element-6c6f8d93 elementor-widget elementor-widget-heading\" data-id=\"6c6f8d93\" data-element_type=\"widget\" data-widget_type=\"heading.default\">\r\n\t\t\t\t<div class=\"elementor-widget-container\">\r\n\t\t\t<h2 class=\"elementor-heading-title elementor-size-default\">\u015eezlonglar<\/h2>\t\t<\/div>\r\n\t\t\t\t<\/div>\r\n\t\t\t\t\t<\/div>\r\n\t\t\t\t<\/div>\r\n\t\t\t\t\t<\/div>\r\n\t\t<\/div>\r\n\t\t\t\t\t<\/div>\r\n\t\t<\/section>\r\n\t\t\t\t<section class=\"elementor-section elementor-top-section elementor-element elementor-element-7ee91efc elementor-section-full_width elementor-section-height-default elementor-section-height-default\" data-id=\"7ee91efc\" data-element_type=\"section\" data-settings=\"{&quot;background_background&quot;:&quot;gradient&quot;}\">\r\n\t\t\t\t\t\t<div class=\"elementor-container elementor-column-gap-default\">\r\n\t\t\t\t\t<div class=\"elementor-column elementor-col-50 elementor-top-column elementor-element elementor-element-57be48b6 wpb-col-sm-100\" data-id=\"57be48b6\" data-element_type=\"column\">\r\n\t\t\t<div class=\"elementor-widget-wrap elementor-element-populated\">\r\n\t\t\t\t\t\t<div class=\"elementor-element elementor-element-1c1db102 elementor-widget elementor-widget-image\" data-id=\"1c1db102\" data-element_type=\"widget\" data-widget_type=\"image.default\">\r\n\t\t\t\t<div class=\"elementor-widget-container\">\r\n\t\t\t\t\t\t\t\t\t\t\t\t\t<img loading=\"lazy\" decoding=\"async\" width=\"725\" height=\"447\" src=\"https:\/\/salimoglu.magnet.web.tr\/wp-content\/uploads\/2024\/01\/beatriz-1.webp\" class=\"elementor-animation-shrink attachment-large size-large wp-image-17869\" alt=\"\" \/>\t\t\t\t\t\t\t\t\t\t\t\t\t<\/div>\r\n\t\t\t\t<\/div>\r\n\t\t\t\t\t<\/div>\r\n\t\t<\/div>\r\n\t\t\t\t<div class=\"elementor-column elementor-col-50 elementor-top-column elementor-element elementor-element-43d37c08 wpb-col-sm-100\" data-id=\"43d37c08\" data-element_type=\"column\">\r\n\t\t\t<div class=\"elementor-widget-wrap elementor-element-populated\">\r\n\t\t\t\t\t\t<section class=\"elementor-section elementor-inner-section elementor-element elementor-element-7077222d elementor-section-boxed elementor-section-height-default elementor-section-height-default\" data-id=\"7077222d\" data-element_type=\"section\">\r\n\t\t\t\t\t\t<div class=\"elementor-container elementor-column-gap-default\">\r\n\t\t\t\t\t<div class=\"elementor-column elementor-col-100 elementor-inner-column elementor-element elementor-element-23022142\" data-id=\"23022142\" data-element_type=\"column\">\r\n\t\t\t<div class=\"elementor-widget-wrap elementor-element-populated\">\r\n\t\t\t\t\t\t<div class=\"elementor-element elementor-element-318ef701 elementor-widget elementor-widget-text-editor\" data-id=\"318ef701\" data-element_type=\"widget\" data-widget_type=\"text-editor.default\">\r\n\t\t\t\t<div class=\"elementor-widget-container\">\r\n\t\t\t<style>\/*! elementor - v3.22.0 - 26-06-2024 *\/\r\n.elementor-widget-text-editor.elementor-drop-cap-view-stacked .elementor-drop-cap{background-color:#69727d;color:#fff}.elementor-widget-text-editor.elementor-drop-cap-view-framed .elementor-drop-cap{color:#69727d;border:3px solid;background-color:transparent}.elementor-widget-text-editor:not(.elementor-drop-cap-view-default) .elementor-drop-cap{margin-top:8px}.elementor-widget-text-editor:not(.elementor-drop-cap-view-default) .elementor-drop-cap-letter{width:1em;height:1em}.elementor-widget-text-editor .elementor-drop-cap{float:left;text-align:center;line-height:1;font-size:50px}.elementor-widget-text-editor .elementor-drop-cap-letter{display:inline-block}<\/style>\t\t\t\t<p>To date, it has been producing special productions in many commercial spaces such as hotels, restaurants, cafes and offices to the requests of users who want to create original designs and have special products applied.<\/p>\t\t\t\t\t\t<\/div>\r\n\t\t\t\t<\/div>\r\n\t\t\t\t\t<\/div>\r\n\t\t<\/div>\r\n\t\t\t\t\t<\/div>\r\n\t\t<\/section>\r\n\t\t\t\t\t<\/div>\r\n\t\t<\/div>\r\n\t\t\t\t\t<\/div>\r\n\t\t<\/section>\r\n\t\t\t\t<\/div>","protected":false},"excerpt":{"rendered":"<p>Sandalyeler Bar Sandalyeleri Oturma Gruplar\u0131 Kanepeler Ofis Koltuklar\u0131 Bank ve Sedirler Berjerler Masalar \u015eezlonglar Bug\u00fcne kadar hotel, restoran, cafe ve ofis gibi \u00e7ok say\u0131da ticari mekanda, \u00f6zg\u00fcn tasar\u0131mlar yaratmak isteyen ve \u00f6zel \u00fcr\u00fcnler uygulatmak isteyen kullan\u0131c\u0131lar\u0131n\u0131n isteklerine \u00f6zel \u00fcretimlerde bulunuyor.<\/p>","protected":false},"author":1,"featured_media":0,"parent":0,"menu_order":0,"comment_status":"closed","ping_status":"closed","template":"","meta":{"footnotes":""},"_links":{"self":[{"href":"https:\/\/salimoglu.magnet.web.tr\/en\/wp-json\/wp\/v2\/pages\/17978"}],"collection":[{"href":"https:\/\/salimoglu.magnet.web.tr\/en\/wp-json\/wp\/v2\/pages"}],"about":[{"href":"https:\/\/salimoglu.magnet.web.tr\/en\/wp-json\/wp\/v2\/types\/page"}],"author":[{"embeddable":true,"href":"https:\/\/salimoglu.magnet.web.tr\/en\/wp-json\/wp\/v2\/users\/1"}],"replies":[{"embeddable":true,"href":"https:\/\/salimoglu.magnet.web.tr\/en\/wp-json\/wp\/v2\/comments?post=17978"}],"version-history":[{"count":26,"href":"https:\/\/salimoglu.magnet.web.tr\/en\/wp-json\/wp\/v2\/pages\/17978\/revisions"}],"predecessor-version":[{"id":18550,"href":"https:\/\/salimoglu.magnet.web.tr\/en\/wp-json\/wp\/v2\/pages\/17978\/revisions\/18550"}],"wp:attachment":[{"href":"https:\/\/salimoglu.magnet.web.tr\/en\/wp-json\/wp\/v2\/media?parent=17978"}],"curies":[{"name":"wp","href":"https:\/\/api.w.org\/{rel}","templated":true}]}}